{"id":5149,"date":"2019-10-08T10:47:45","date_gmt":"2019-10-08T08:47:45","guid":{"rendered":"https:\/\/casarialto.niita.studio\/?post_type=product&#038;p=5149"},"modified":"2024-01-18T13:02:52","modified_gmt":"2024-01-18T12:02:52","slug":"double-red-wine-and-spirit-glass-c10","status":"publish","type":"product","link":"https:\/\/casarialto.niita.studio\/it\/collections\/last-pieces\/double-red-wine-and-spirit-glass-c10\/","title":{"rendered":"Set di 6 bicchieri a doppio calice, da vino rosso e distillati C10"},"content":{"rendered":"<p><strong>Set di 6 bicchieri doppi<\/strong>Prodotto artigianalmente a Venezia. Un'estremit\u00e0, liscia, \u00e8 dedicata ai vini rossi, mentre l'altra, a righe, \u00e8 dedicata ai distillati. In mezzo c'\u00e8 una sfera di vetro solido colorato personalizzabile. Utilizzabili nella vita di tutti I giorni e su qualsiasi tavola, classica e moderna. Fatto a mano a Venezia.<\/p>\n<p><strong>DETTAGLI<\/strong><br \/>\nMateriale-vetro colorato e trasparente.<br \/>\nDimensione \u2013 \u00d8 8 cm \u2013 h 20 cm<br \/>\nRealizzato a mano per te \u2013  spedito in 3 settimane.<br \/>\nFatto a mano in Italia.<\/p>","protected":false},"excerpt":{"rendered":"<p><strong>Set di 6 bicchieri doppi<\/strong>, Handcrafted in Venice.<\/p>\n<p><strong>DETTAGLI<\/strong><br \/>\nMateriale-vetro colorato e trasparente.<br \/>\nDimensione \u2013 \u00d8 8 cm \u2013 h 20 cm<br \/>\nRealizzato a mano per te \u2013  spedito in 3 settimane.<br \/>\nFatto a mano in Italia.<\/p>","protected":false},"featured_media":5644,"template":"","meta":[],"product_brand":[],"product_cat":[1699],"product_tag":[1447,1669],"class_list":{"0":"post-5149","1":"product","2":"type-product","3":"status-publish","4":"has-post-thumbnail","6":"product_cat-last-pieces","7":"product_tag-wine-glass","8":"product_tag-transparent-glass","10":"first","11":"onbackorder","12":"shipping-taxable","13":"purchasable","14":"product-type-simple"},"_links":{"self":[{"href":"https:\/\/casarialto.niita.studio\/it\/wp-json\/wp\/v2\/product\/5149","targetHints":{"allow":["GET"]}}],"collection":[{"href":"https:\/\/casarialto.niita.studio\/it\/wp-json\/wp\/v2\/product"}],"about":[{"href":"https:\/\/casarialto.niita.studio\/it\/wp-json\/wp\/v2\/types\/product"}],"wp:featuredmedia":[{"embeddable":true,"href":"https:\/\/casarialto.niita.studio\/it\/wp-json\/wp\/v2\/media\/5644"}],"wp:attachment":[{"href":"https:\/\/casarialto.niita.studio\/it\/wp-json\/wp\/v2\/media?parent=5149"}],"wp:term":[{"taxonomy":"product_brand","embeddable":true,"href":"https:\/\/casarialto.niita.studio\/it\/wp-json\/wp\/v2\/product_brand?post=5149"},{"taxonomy":"product_cat","embeddable":true,"href":"https:\/\/casarialto.niita.studio\/it\/wp-json\/wp\/v2\/product_cat?post=5149"},{"taxonomy":"product_tag","embeddable":true,"href":"https:\/\/casarialto.niita.studio\/it\/wp-json\/wp\/v2\/product_tag?post=5149"}],"curies":[{"name":"wp","href":"https:\/\/api.w.org\/{rel}","templated":true}]}}